{"id":153,"date":"2025-01-12T14:36:30","date_gmt":"2025-01-12T14:36:30","guid":{"rendered":"https:\/\/www.iya.ie\/iyanew\/?page_id=153"},"modified":"2025-09-11T18:13:58","modified_gmt":"2025-09-11T18:13:58","slug":"teacher-training-course","status":"publish","type":"page","link":"https:\/\/www.iya.ie\/iyanew\/iya-training\/teacher-training-course\/","title":{"rendered":"Teacher Training Course"},"content":{"rendered":"<p>[et_pb_section fb_built=&#8221;1&#8243; _builder_version=&#8221;4.27.4&#8243; _module_preset=&#8221;default&#8221; background_color=&#8221;#0edcef&#8221; global_colors_info=&#8221;{}&#8221;][et_pb_row _builder_version=&#8221;4.27.4&#8243; _module_preset=&#8221;default&#8221; global_colors_info=&#8221;{}&#8221;][et_pb_column type=&#8221;4_4&#8243; _builder_version=&#8221;4.27.4&#8243; _module_preset=&#8221;default&#8221; global_colors_info=&#8221;{}&#8221;][et_pb_text admin_label=&#8221;Teacher Training Course h&#8221; _builder_version=&#8221;4.27.4&#8243; _module_preset=&#8221;default&#8221; header_2_font=&#8221;Cinzel||||||||&#8221; header_2_text_align=&#8221;center&#8221; header_2_text_color=&#8221;#FFFFFF&#8221; header_2_font_size=&#8221;48px&#8221; use_background_color_gradient=&#8221;on&#8221; custom_padding=&#8221;20px|20px|20px|20px|false|false&#8221; border_radii=&#8221;on|15px|15px|15px|15px&#8221; box_shadow_style=&#8221;preset2&#8243; global_colors_info=&#8221;{}&#8221;]<\/p>\n<h2>Teacher Training Course<\/h2>\n<p>[\/et_pb_text][\/et_pb_column][\/et_pb_row][et_pb_row column_structure=&#8221;1_2,1_2&#8243; _builder_version=&#8221;4.27.4&#8243; _module_preset=&#8221;default&#8221; global_colors_info=&#8221;{}&#8221;][et_pb_column type=&#8221;1_2&#8243; _builder_version=&#8221;4.27.4&#8243; _module_preset=&#8221;default&#8221; global_colors_info=&#8221;{}&#8221;][et_pb_blurb title=&#8221;Course aspects&#8221; use_icon=&#8221;on&#8221; font_icon=&#8221;&#xf549;||fa||900&#8243; admin_label=&#8221;The course blurb&#8221; _builder_version=&#8221;4.27.4&#8243; _module_preset=&#8221;default&#8221; header_text_color=&#8221;#000000&#8243; body_text_color=&#8221;#000000&#8243; background_color=&#8221;#FFFFFF&#8221; custom_padding=&#8221;20px|20px|20px|20px|false|false&#8221; border_radii=&#8221;on|15px|15px|15px|15px&#8221; box_shadow_style=&#8221;preset2&#8243; global_colors_info=&#8221;{}&#8221;]The Irish Yoga Association Teacher Training Course (IYA TTC) is run for and by the members of the Irish Yoga Association. The training of students shall explore classical and contemporary methods, in keeping with Patanjali\u2019s Yoga Sutras and the Hathayogapradipika. The overall aim of the course being, to provide students with the knowledge, skills and attitude to teach Yoga. The Course is fully comprehensive in that it deals with the physical, emotional, mental, psychological and spiritual aspects of Yoga in recognition of Yoga as a tool for self-development.[\/et_pb_blurb][\/et_pb_column][et_pb_column type=&#8221;1_2&#8243; _builder_version=&#8221;4.27.4&#8243; _module_preset=&#8221;default&#8221; global_colors_info=&#8221;{}&#8221;][et_pb_image src=&#8221;https:\/\/www.iya.ie\/media\/content\/TTC.jpg&#8221; admin_label=&#8221;TTC i&#8221; _builder_version=&#8221;4.27.4&#8243; _module_preset=&#8221;default&#8221; border_radii=&#8221;on|15px|15px|15px|15px&#8221; box_shadow_style=&#8221;preset2&#8243; global_colors_info=&#8221;{}&#8221;][\/et_pb_image][\/et_pb_column][\/et_pb_row][et_pb_row _builder_version=&#8221;4.27.4&#8243; _module_preset=&#8221;default&#8221; global_colors_info=&#8221;{}&#8221;][et_pb_column type=&#8221;4_4&#8243; _builder_version=&#8221;4.27.4&#8243; _module_preset=&#8221;default&#8221; global_colors_info=&#8221;{}&#8221;][et_pb_text admin_label=&#8221;ttc t2&#8243; _builder_version=&#8221;4.27.4&#8243; _module_preset=&#8221;default&#8221; text_text_color=&#8221;#FFFFFF&#8221; header_2_text_align=&#8221;left&#8221; header_2_text_color=&#8221;#FFFFFF&#8221; background_color=&#8221;#0c71c3&#8243; custom_padding=&#8221;20px|20px|20px|20px|false|false&#8221; border_radii=&#8221;on|15px|15px|15px|15px&#8221; box_shadow_style=&#8221;preset2&#8243; global_colors_info=&#8221;{}&#8221;]<\/p>\n<h2>The Syllabus<\/h2>\n<p>The course follows the Syllabus together with the Training Specification and Standards as set out by the Irish Yoga Association and covers the following aspects:<br \/>\n\u2022 \u0100sana \u2013 standing, back bending, forward bending, twisting postures, seated postures, inversions, order of practice, teaching practice etc.<br \/>\n\u2022 Pr\u0101n\u0101y\u0101m\u0101 \u2013 breath awareness, three phase breath, complete breath, Nadi Sodhana, Viloma A&#038;B, Kumbhaka etc.<br \/>\n\u2022 Kriya, Mudr\u0101 and Bandha<br \/>\n\u2022 Relaxation \u2013 preparation, brain waves, techniques, teaching practice etc.<br \/>\n\u2022 Philosophy \u2013 history and types of yoga, cosmology, study of the Upanishads, Sutras, Hathayogapradipika etc. and practical application of philosophy in life.<br \/>\n\u2022 Meditation \u2013 exploration of attention, focuses for meditation, teaching practice etc.<br \/>\n\u2022 Class planning \u2013 from beginners classes to continuation classes etc.<br \/>\n\u2022 Anatomy &#038; Physiology \u2013 bones, muscles and systems of the body, subtle anatomy etc.<br \/>\n\u2022 1st Aid certification valid for two years<br \/>\n\u2022 Guest Lectures on specialised subjects[\/et_pb_text][\/et_pb_column][\/et_pb_row][et_pb_row _builder_version=&#8221;4.27.4&#8243; _module_preset=&#8221;default&#8221; global_colors_info=&#8221;{}&#8221;][et_pb_column type=&#8221;4_4&#8243; _builder_version=&#8221;4.27.4&#8243; _module_preset=&#8221;default&#8221; global_colors_info=&#8221;{}&#8221;][et_pb_text admin_label=&#8221;Why 500&#8243; _builder_version=&#8221;4.27.4&#8243; _module_preset=&#8221;default&#8221; text_text_color=&#8221;#FFFFFF&#8221; header_2_text_color=&#8221;#FFFFFF&#8221; background_color=&#8221;#0c71c3&#8243; custom_padding=&#8221;20px|20px|20px|20px|false|false&#8221; border_radii=&#8221;on|15px|15px|15px|15px&#8221; box_shadow_style=&#8221;preset2&#8243; global_colors_info=&#8221;{}&#8221;]<\/p>\n<h2>The TTC. Why a minimum training of 500 hrs over 4 years?<\/h2>\n<p>At the heart of the Yoga tradition lies one central truth: we are all inextricably connected. Yoga is a potent and life transforming practice and therefor teaching Yoga carries enormous responsibilities. A yoga teacher does not only have to deal with the physical but also with all the multidimensional aspects such as the energetic, psychological, physiological, emotional, mental and spiritual aspects of the student. These teachings need to be received in a safe and sacred environment. The ability to transmit these non-verbal aspects of yoga is the fundamental quality that differentiates a real yoga teacher from other teachers.<\/p>\n<p>The required minimum duration has not fallen out of the sky and is not based on an arbitrary decision by the EUY Education Team. This decision is based on over 20 years of practical experience in the field of yoga education by all member federations of the EUY, which agreed in 1996 that 500 hours over 4 years is a required minimum. For the mind and psyche: proper digestion (agni) and assimilation (ahara), from information to knowledge and insight is a slow process, it takes time and practice. Too much information in too short a period of time only causes mental and intellectual indigestion and information overload &#8211; a typical disease of our current \u201cinformation society\u201d. The required attitude, knowledge and skills to teach yoga should be administered in the proper measure, in the proper sequence, over a proper minimum time.<\/p>\n<p>In fact 4 years is only the start of a lifelong quest, s\u00e2dhana, to deepen and broaden lifelong understanding and wisdom. During yoga education the transfer of experiential learning takes place in addition to the rational, academic aspects so that the essential elements of Yoga are conveyed and teachers may inspire and guide students on a profound journey of self-discovery.<\/p>\n<p>[\/et_pb_text][\/et_pb_column][\/et_pb_row][et_pb_row column_structure=&#8221;1_2,1_2&#8243; _builder_version=&#8221;4.27.4&#8243; _module_preset=&#8221;default&#8221; global_colors_info=&#8221;{}&#8221;][et_pb_column type=&#8221;1_2&#8243; _builder_version=&#8221;4.27.4&#8243; _module_preset=&#8221;default&#8221; global_colors_info=&#8221;{}&#8221;][et_pb_blurb title=&#8221;Course contents&#8221; use_icon=&#8221;on&#8221; font_icon=&#8221;&#xf21e;||fa||900&#8243; admin_label=&#8221;aspects blurb&#8221; _builder_version=&#8221;4.27.4&#8243; _module_preset=&#8221;default&#8221; header_text_color=&#8221;#000000&#8243; body_text_color=&#8221;#000000&#8243; background_color=&#8221;#FFFFFF&#8221; custom_padding=&#8221;20px|20px|20px|20px|false|false&#8221; border_radii=&#8221;on|15px|15px|15px|15px&#8221; box_shadow_style=&#8221;preset2&#8243; global_colors_info=&#8221;{}&#8221;]The Course also includes aspects such as Yoga in Pregnancy, Mental Health and Yoga for Children (Child Protection Act covered) and Health &#038; Safety. The IYA holds a Child Protection Policy and a Health &#038; Safety Statement.<\/p>\n<p>Students are chosen by written application, practical assessment (for which a set of guidelines is available entitled \u201cProspective Student\u2019s Guidelines\u201d) and by personal interview. It is required that applicants have two years\u2019 experience in Hatha Yoga. Students must be members of the Irish Yoga Association.[\/et_pb_blurb][\/et_pb_column][et_pb_column type=&#8221;1_2&#8243; _builder_version=&#8221;4.27.4&#8243; _module_preset=&#8221;default&#8221; global_colors_info=&#8221;{}&#8221;][et_pb_text admin_label=&#8221;TTC Admin&#8221; _builder_version=&#8221;4.27.4&#8243; _module_preset=&#8221;default&#8221; text_text_color=&#8221;#FFFFFF&#8221; header_3_text_color=&#8221;#FFFFFF&#8221; background_color=&#8221;#0c71c3&#8243; custom_padding=&#8221;20px|20px|20px|20px|false|false&#8221; border_radii=&#8221;on|15px|15px|15px|15px&#8221; box_shadow_style=&#8221;preset2&#8243; global_colors_info=&#8221;{}&#8221;]<\/p>\n<h3>Teacher Training Course Administrator<\/h3>\n<p>Sacha Johnston<br \/>\n<a href=\"ttc@iya.ie\">ttc@iya.ie<\/a>[\/et_pb_text][et_pb_button button_url=&#8221;https:\/\/www.iya.ie\/downloads\/IYA%20TTC%20GuideLines%2020230329.pdf&#8221; url_new_window=&#8221;on&#8221; button_text=&#8221;Download guidelines              &#8221; button_alignment=&#8221;center&#8221; admin_label=&#8221;Download the full guidelines button&#8221; _builder_version=&#8221;4.27.4&#8243; _module_preset=&#8221;default&#8221; custom_button=&#8221;on&#8221; button_text_color=&#8221;#FFFFFF&#8221; button_bg_use_color_gradient=&#8221;on&#8221; button_border_width=&#8221;0px&#8221; button_border_radius=&#8221;20px&#8221; button_letter_spacing=&#8221;2px&#8221; button_font=&#8221;|600|||||||&#8221; button_icon=&#8221;&#xf019;||fa||900&#8243; background_layout=&#8221;dark&#8221; custom_padding=&#8221;20px|20px|20px|20px|false|false&#8221; button_text_shadow_style=&#8221;preset1&#8243; box_shadow_style=&#8221;preset2&#8243; global_colors_info=&#8221;{}&#8221;][\/et_pb_button][et_pb_button button_url=&#8221;https:\/\/www.iya.ie\/downloads\/IYA%20TTC%20AppForm%202025.pdf&#8221; url_new_window=&#8221;on&#8221; button_text=&#8221;Download the Application form&#8221; button_alignment=&#8221;center&#8221; admin_label=&#8221;Download the application form&#8221; _builder_version=&#8221;4.27.4&#8243; _module_preset=&#8221;default&#8221; custom_button=&#8221;on&#8221; button_text_color=&#8221;#FFFFFF&#8221; button_bg_use_color_gradient=&#8221;on&#8221; button_border_width=&#8221;0px&#8221; button_border_radius=&#8221;20px&#8221; button_letter_spacing=&#8221;2px&#8221; button_font=&#8221;|600|||||||&#8221; button_icon=&#8221;&#xf019;||fa||900&#8243; background_layout=&#8221;dark&#8221; custom_padding=&#8221;20px|20px|20px|20px|false|false&#8221; button_text_shadow_style=&#8221;preset1&#8243; box_shadow_style=&#8221;preset2&#8243; global_colors_info=&#8221;{}&#8221;][\/et_pb_button][\/et_pb_column][\/et_pb_row][et_pb_row _builder_version=&#8221;4.27.4&#8243; _module_preset=&#8221;default&#8221; global_colors_info=&#8221;{}&#8221;][et_pb_column type=&#8221;4_4&#8243; _builder_version=&#8221;4.27.4&#8243; _module_preset=&#8221;default&#8221; global_colors_info=&#8221;{}&#8221;][et_pb_text admin_label=&#8221;next 4 year course&#8221; _builder_version=&#8221;4.27.4&#8243; _module_preset=&#8221;default&#8221; text_text_color=&#8221;#FFFFFF&#8221; header_3_text_color=&#8221;#FFFFFF&#8221; background_color=&#8221;#0c71c3&#8243; custom_padding=&#8221;20px|20px|20px|20px|false|false&#8221; link_option_url=&#8221;\/downloads\/2026\/IYA TTC 2026 &#8211; 2029.pdf&#8221; hover_enabled=&#8221;0&#8243; border_radii=&#8221;on|15px|15px|15px|15px&#8221; box_shadow_style=&#8221;preset2&#8243; global_colors_info=&#8221;{}&#8221; sticky_enabled=&#8221;0&#8243;]<\/p>\n<h3>IYA Teacher Training Course<\/h3>\n<p>Our next 4 year course is starting in January 2026. Read more &gt;&gt;<\/p>\n<p><img decoding=\"async\" src=\"\/images\/events\/2026\/IYA TTC 2026 - 2029.jpg\" alt=\"IYA TTC\" \/><\/p>\n<p>[\/et_pb_text][\/et_pb_column][\/et_pb_row][\/et_pb_section]<\/p>\n","protected":false},"excerpt":{"rendered":"<p>Teacher Training CourseThe Irish Yoga Association Teacher Training Course (IYA TTC) is run for and by the members of the Irish Yoga Association. The training of students shall explore classical and contemporary methods, in keeping with Patanjali\u2019s Yoga Sutras and the Hathayogapradipika. The overall aim of the course being, to provide students with the knowledge, [&hellip;]<\/p>\n","protected":false},"author":1,"featured_media":0,"parent":151,"menu_order":1,"comment_status":"closed","ping_status":"closed","template":"","meta":{"_et_pb_use_builder":"on","_et_pb_old_content":"","_et_gb_content_width":"","footnotes":""},"class_list":["post-153","page","type-page","status-publish","hentry"],"yoast_head":"<!-- This site is optimized with the Yoast SEO plugin v27.3 - https:\/\/yoast.com\/product\/yoast-seo-wordpress\/ -->\n<title>Teacher Training Course - Irish Yoga Association<\/title>\n<meta name=\"robots\" content=\"index, follow, max-snippet:-1, max-image-preview:large, max-video-preview:-1\" \/>\n<link rel=\"canonical\" href=\"https:\/\/www.iya.ie\/iyanew\/iya-training\/teacher-training-course\/\" \/>\n<meta property=\"og:locale\" content=\"en_US\" \/>\n<meta property=\"og:type\" content=\"article\" \/>\n<meta property=\"og:title\" content=\"Teacher Training Course - Irish Yoga Association\" \/>\n<meta property=\"og:description\" content=\"Teacher Training CourseThe Irish Yoga Association Teacher Training Course (IYA TTC) is run for and by the members of the Irish Yoga Association. The training of students shall explore classical and contemporary methods, in keeping with Patanjali\u2019s Yoga Sutras and the Hathayogapradipika. The overall aim of the course being, to provide students with the knowledge, [&hellip;]\" \/>\n<meta property=\"og:url\" content=\"https:\/\/www.iya.ie\/iyanew\/iya-training\/teacher-training-course\/\" \/>\n<meta property=\"og:site_name\" content=\"Irish Yoga Association\" \/>\n<meta property=\"article:modified_time\" content=\"2025-09-11T18:13:58+00:00\" \/>\n<meta name=\"twitter:card\" content=\"summary_large_image\" \/>\n<meta name=\"twitter:label1\" content=\"Est. reading time\" \/>\n\t<meta name=\"twitter:data1\" content=\"4 minutes\" \/>\n<script type=\"application\/ld+json\" class=\"yoast-schema-graph\">{\"@context\":\"https:\\\/\\\/schema.org\",\"@graph\":[{\"@type\":\"WebPage\",\"@id\":\"https:\\\/\\\/www.iya.ie\\\/iyanew\\\/iya-training\\\/teacher-training-course\\\/\",\"url\":\"https:\\\/\\\/www.iya.ie\\\/iyanew\\\/iya-training\\\/teacher-training-course\\\/\",\"name\":\"Teacher Training Course - Irish Yoga Association\",\"isPartOf\":{\"@id\":\"https:\\\/\\\/www.iya.ie\\\/iyanew\\\/#website\"},\"datePublished\":\"2025-01-12T14:36:30+00:00\",\"dateModified\":\"2025-09-11T18:13:58+00:00\",\"breadcrumb\":{\"@id\":\"https:\\\/\\\/www.iya.ie\\\/iyanew\\\/iya-training\\\/teacher-training-course\\\/#breadcrumb\"},\"inLanguage\":\"en-US\",\"potentialAction\":[{\"@type\":\"ReadAction\",\"target\":[\"https:\\\/\\\/www.iya.ie\\\/iyanew\\\/iya-training\\\/teacher-training-course\\\/\"]}]},{\"@type\":\"BreadcrumbList\",\"@id\":\"https:\\\/\\\/www.iya.ie\\\/iyanew\\\/iya-training\\\/teacher-training-course\\\/#breadcrumb\",\"itemListElement\":[{\"@type\":\"ListItem\",\"position\":1,\"name\":\"Home\",\"item\":\"https:\\\/\\\/www.iya.ie\\\/iyanew\\\/\"},{\"@type\":\"ListItem\",\"position\":2,\"name\":\"IYA Training\",\"item\":\"https:\\\/\\\/www.iya.ie\\\/iyanew\\\/iya-training\\\/\"},{\"@type\":\"ListItem\",\"position\":3,\"name\":\"Teacher Training Course\"}]},{\"@type\":\"WebSite\",\"@id\":\"https:\\\/\\\/www.iya.ie\\\/iyanew\\\/#website\",\"url\":\"https:\\\/\\\/www.iya.ie\\\/iyanew\\\/\",\"name\":\"Irish Yoga Association\",\"description\":\"The IYA has been delivering yoga to Ireland since 1978.\",\"potentialAction\":[{\"@type\":\"SearchAction\",\"target\":{\"@type\":\"EntryPoint\",\"urlTemplate\":\"https:\\\/\\\/www.iya.ie\\\/iyanew\\\/?s={search_term_string}\"},\"query-input\":{\"@type\":\"PropertyValueSpecification\",\"valueRequired\":true,\"valueName\":\"search_term_string\"}}],\"inLanguage\":\"en-US\"}]}<\/script>\n<!-- \/ Yoast SEO plugin. -->","yoast_head_json":{"title":"Teacher Training Course - Irish Yoga Association","robots":{"index":"index","follow":"follow","max-snippet":"max-snippet:-1","max-image-preview":"max-image-preview:large","max-video-preview":"max-video-preview:-1"},"canonical":"https:\/\/www.iya.ie\/iyanew\/iya-training\/teacher-training-course\/","og_locale":"en_US","og_type":"article","og_title":"Teacher Training Course - Irish Yoga Association","og_description":"Teacher Training CourseThe Irish Yoga Association Teacher Training Course (IYA TTC) is run for and by the members of the Irish Yoga Association. The training of students shall explore classical and contemporary methods, in keeping with Patanjali\u2019s Yoga Sutras and the Hathayogapradipika. The overall aim of the course being, to provide students with the knowledge, [&hellip;]","og_url":"https:\/\/www.iya.ie\/iyanew\/iya-training\/teacher-training-course\/","og_site_name":"Irish Yoga Association","article_modified_time":"2025-09-11T18:13:58+00:00","twitter_card":"summary_large_image","twitter_misc":{"Est. reading time":"4 minutes"},"schema":{"@context":"https:\/\/schema.org","@graph":[{"@type":"WebPage","@id":"https:\/\/www.iya.ie\/iyanew\/iya-training\/teacher-training-course\/","url":"https:\/\/www.iya.ie\/iyanew\/iya-training\/teacher-training-course\/","name":"Teacher Training Course - Irish Yoga Association","isPartOf":{"@id":"https:\/\/www.iya.ie\/iyanew\/#website"},"datePublished":"2025-01-12T14:36:30+00:00","dateModified":"2025-09-11T18:13:58+00:00","breadcrumb":{"@id":"https:\/\/www.iya.ie\/iyanew\/iya-training\/teacher-training-course\/#breadcrumb"},"inLanguage":"en-US","potentialAction":[{"@type":"ReadAction","target":["https:\/\/www.iya.ie\/iyanew\/iya-training\/teacher-training-course\/"]}]},{"@type":"BreadcrumbList","@id":"https:\/\/www.iya.ie\/iyanew\/iya-training\/teacher-training-course\/#breadcrumb","itemListElement":[{"@type":"ListItem","position":1,"name":"Home","item":"https:\/\/www.iya.ie\/iyanew\/"},{"@type":"ListItem","position":2,"name":"IYA Training","item":"https:\/\/www.iya.ie\/iyanew\/iya-training\/"},{"@type":"ListItem","position":3,"name":"Teacher Training Course"}]},{"@type":"WebSite","@id":"https:\/\/www.iya.ie\/iyanew\/#website","url":"https:\/\/www.iya.ie\/iyanew\/","name":"Irish Yoga Association","description":"The IYA has been delivering yoga to Ireland since 1978.","potentialAction":[{"@type":"SearchAction","target":{"@type":"EntryPoint","urlTemplate":"https:\/\/www.iya.ie\/iyanew\/?s={search_term_string}"},"query-input":{"@type":"PropertyValueSpecification","valueRequired":true,"valueName":"search_term_string"}}],"inLanguage":"en-US"}]}},"_links":{"self":[{"href":"https:\/\/www.iya.ie\/iyanew\/wp-json\/wp\/v2\/pages\/153","targetHints":{"allow":["GET"]}}],"collection":[{"href":"https:\/\/www.iya.ie\/iyanew\/wp-json\/wp\/v2\/pages"}],"about":[{"href":"https:\/\/www.iya.ie\/iyanew\/wp-json\/wp\/v2\/types\/page"}],"author":[{"embeddable":true,"href":"https:\/\/www.iya.ie\/iyanew\/wp-json\/wp\/v2\/users\/1"}],"replies":[{"embeddable":true,"href":"https:\/\/www.iya.ie\/iyanew\/wp-json\/wp\/v2\/comments?post=153"}],"version-history":[{"count":60,"href":"https:\/\/www.iya.ie\/iyanew\/wp-json\/wp\/v2\/pages\/153\/revisions"}],"predecessor-version":[{"id":2354,"href":"https:\/\/www.iya.ie\/iyanew\/wp-json\/wp\/v2\/pages\/153\/revisions\/2354"}],"up":[{"embeddable":true,"href":"https:\/\/www.iya.ie\/iyanew\/wp-json\/wp\/v2\/pages\/151"}],"wp:attachment":[{"href":"https:\/\/www.iya.ie\/iyanew\/wp-json\/wp\/v2\/media?parent=153"}],"curies":[{"name":"wp","href":"https:\/\/api.w.org\/{rel}","templated":true}]}}